{"id":100,"date":"2021-03-26T14:13:36","date_gmt":"2021-03-26T13:13:36","guid":{"rendered":"http:\/\/www.buergerforum-europa.at\/?page_id=100"},"modified":"2021-04-18T15:32:29","modified_gmt":"2021-04-18T14:32:29","slug":"datenschutz","status":"publish","type":"page","link":"https:\/\/www.buergerforum-europa.at\/el\/datenschutz\/","title":{"rendered":"Datenschutz"},"content":{"rendered":"<p class=\"qtranxs-available-languages-message qtranxs-available-languages-message-el\">\u03a3\u03c5\u03b3\u03b3\u03bd\u03ce\u03bc\u03b7,\u03b1\u03c5\u03c4\u03ae \u03b7 \u03b5\u03b3\u03b3\u03c1\u03b1\u03c6\u03ae \u03b5\u03af\u03bd\u03b1\u03b9 \u03b4\u03b9\u03b1\u03b8\u03ad\u03c3\u03b9\u03bc\u03b7 \u03bc\u03cc\u03bd\u03bf \u03c3\u03c4\u03b1 <a href=\"https:\/\/www.buergerforum-europa.at\/de\/wp-json\/wp\/v2\/pages\/100\" class=\"qtranxs-available-language-link qtranxs-available-language-link-de\" title=\"Deutsch\">Deutsch<\/a>.<\/p><p><\/p>\n<h3>Grundlegendes<\/h3>\n<p>Wir vom B\u00fcrgerInnen Forum Europa nehmen Ihren Datenschutz sehr ernst und behandeln Ihre personenbezogenen Daten vertraulich und entsprechend der gesetzlichen Vorschriften. Definitionen der verwendeten Begriffe (z.B. \u201cpersonenbezogene Daten\u201d oder \u201cVerarbeitung\u201d) finden Sie in Art. 4 DSGVO.<\/p>\n<h2><\/h2>\n<h3>Zugriffsdaten<\/h3>\n<p>Wir erheben aufgrund unseres berechtigten Interesses (s. Art. 6 Abs. 1 lit. f. DSGVO) Daten \u00fcber Zugriffe auf die Website und speichern diese als \u201eServer-Logfiles\u201c auf dem Server der Website ab. Die Speicherung der Daten erfolgt aus Sicherheitsgr\u00fcnden, um z. B. Missbrauchsf\u00e4lle aufkl\u00e4ren zu k\u00f6nnen. M\u00fcssen Daten aus Beweisgr\u00fcnden aufgehoben werden, sind sie solange von der L\u00f6schung ausgenommen, bis der Vorfall endg\u00fcltig gekl\u00e4rt ist. Folgende Daten werden so protokolliert:<br \/>\n&#8211; Besuchte Website<br \/>\n&#8211; Uhrzeit zum Zeitpunkt des Zugriffes<br \/>\n&#8211; Menge der gesendeten Daten in Byte<br \/>\n&#8211; Quelle\/Verweis, von welchem Sie auf die Seite gelangten<br \/>\n&#8211; Verwendeter Browser<br \/>\n&#8211; Verwendetes Betriebssystem<br \/>\n&#8211; Verwendete IP-Adresse<\/p>\n<h2><\/h2>\n<h3>Cookies<\/h3>\n<p>Diese Website verwendet technisch notwendige Cookies, um die Benutzerfreundlichkeit (z.B.: Spracheinstellung merken) und Sicherheit dieser Website zu erh\u00f6hen. Bei Cookies handelt es sich um kleine Dateien, welche auf Ihrem Endger\u00e4t gespeichert werden. Ihr Browser greift auf diese Dateien zu.<br \/>\nFalls Sie nicht mit der Nutzung dieser Cookies einverstanden sind, k\u00f6nnen Sie dem Einsatz dieser Dateien widersprechen. Zudem bieten g\u00e4ngige Browser die Einstellungsoption, Cookies nicht zuzulassen. Es ist nicht gew\u00e4hrleistet, dass Sie auf alle Funktionen dieser Website ohne Einschr\u00e4nkungen zugreifen k\u00f6nnen, wenn Sie entsprechende Einstellungen vornehmen.<\/p>\n<h2><\/h2>\n<h3>Video \u2013 YouTube<\/h3>\n<p>Auf dieser Seite werden YouTube-Videos zur Informationsvermittlung verwendet. Da es nicht m\u00f6glich ist, diese Videos lokal zu hosten, nutzen wir das Angebot von YouTube, einem Drittanbieter. Technisch bedingt kommt es durch die Einbindung von YouTube-Videos zu Aufrufen der Server von YouTube. An den YouTube-Server werden dabei Daten Ihres Browsers bzw. Endger\u00e4tes \u00fcbermittelt. Dabei wird auch Ihr f\u00fcr YouTube relevanter Browserverlauf \u00fcbermittelt. Im Falle eines aktiven YouTube-Accounts ordnet YouTube diese Information dem eingeloggten Benutzerkonto zu. Diese Zuordnung kann durch Abmeldung des YouTube-Accounts sowie anderen Benutzerkonten der Firmen YouTube LLC und Google Inc. und die L\u00f6schung entsprechender Cookies der Firmen vor Besuch dieser Website verhindert werden.<\/p>\n<p>&nbsp;<\/p>\n<h3>Umgang mit Kontaktdaten<\/h3>\n<p>Nehmen Sie mit uns durch die angebotenen Kontaktm\u00f6glichkeiten Verbindung auf, werden Ihre Angaben gespeichert, damit auf diese zur Bearbeitung und Beantwortung Ihrer Anfrage zur\u00fcckgegriffen werden kann. Ohne Ihre Einwilligung werden diese Daten keinesfalls an Dritte weitergegeben.<\/p>\n<p>Rechte der Nutzer*in<\/p>\n<p>Sie haben als Nutzer das Recht, auf Antrag eine kostenlose Auskunft dar\u00fcber zu erhalten, welche personenbezogenen Daten \u00fcber Sie gespeichert wurden. Sie haben au\u00dferdem das Recht auf Berichtigung falscher Daten und auf die Verarbeitungseinschr\u00e4nkung oder L\u00f6schung Ihrer personenbezogenen Daten. Sollten Sie annehmen, dass Ihre Daten unrechtm\u00e4\u00dfig verarbeitet wurden, k\u00f6nnen Sie bei B\u00fcrgerInnen Forum Europa nachfragen oder eine Beschwerde bei der zust\u00e4ndigen Aufsichtsbeh\u00f6rde einreichen.<\/p>\n<h2><\/h2>\n<h3>Sie erreichen uns unter folgenden Kontaktdaten.<\/h3>\n<p>Meinhard Friedl<br \/>\nTelefon: <a href=\"tel:+4317484500\"><span class=\"underlined\">+43 1 74 84 500<\/span><\/a><br \/>\n<span class=\"underlined\"><a href=\"mailto:friedl@buergerforum-europa.at\">friedl@buergerforum-europa.at<\/a><\/span><\/p>","protected":false},"excerpt":{"rendered":"<p>\u03a3\u03c5\u03b3\u03b3\u03bd\u03ce\u03bc\u03b7,\u03b1\u03c5\u03c4\u03ae \u03b7 \u03b5\u03b3\u03b3\u03c1\u03b1\u03c6\u03ae \u03b5\u03af\u03bd\u03b1\u03b9 \u03b4\u03b9\u03b1\u03b8\u03ad\u03c3\u03b9\u03bc\u03b7 \u03bc\u03cc\u03bd\u03bf \u03c3\u03c4\u03b1 Deutsch. Grundlegendes Wir vom B\u00fcrgerInnen Forum Europa nehmen Ihren Datenschutz sehr ernst und behandeln Ihre personenbezogenen Daten vertraulich und entsprechend der gesetzlichen Vorschriften. Definitionen der verwendeten Begriffe (z.B. \u201cpersonenbezogene Daten\u201d oder \u201cVerarbeitung\u201d) finden Sie in Art. 4 DSGVO. Zugriffsdaten Wir erheben aufgrund unseres berechtigten Interesses (s. Art. 6 [&hellip;]<\/p>\n","protected":false},"author":1,"featured_media":0,"parent":0,"menu_order":0,"comment_status":"closed","ping_status":"closed","template":"","meta":{"_acf_changed":false,"inline_featured_image":false,"footnotes":""},"class_list":["post-100","page","type-page","status-publish","hentry"],"acf":[],"aioseo_notices":[],"_links":{"self":[{"href":"https:\/\/www.buergerforum-europa.at\/el\/wp-json\/wp\/v2\/pages\/100","targetHints":{"allow":["GET"]}}],"collection":[{"href":"https:\/\/www.buergerforum-europa.at\/el\/wp-json\/wp\/v2\/pages"}],"about":[{"href":"https:\/\/www.buergerforum-europa.at\/el\/wp-json\/wp\/v2\/types\/page"}],"author":[{"embeddable":true,"href":"https:\/\/www.buergerforum-europa.at\/el\/wp-json\/wp\/v2\/users\/1"}],"replies":[{"embeddable":true,"href":"https:\/\/www.buergerforum-europa.at\/el\/wp-json\/wp\/v2\/comments?post=100"}],"version-history":[{"count":3,"href":"https:\/\/www.buergerforum-europa.at\/el\/wp-json\/wp\/v2\/pages\/100\/revisions"}],"predecessor-version":[{"id":585,"href":"https:\/\/www.buergerforum-europa.at\/el\/wp-json\/wp\/v2\/pages\/100\/revisions\/585"}],"wp:attachment":[{"href":"https:\/\/www.buergerforum-europa.at\/el\/wp-json\/wp\/v2\/media?parent=100"}],"curies":[{"name":"wp","href":"https:\/\/api.w.org\/{rel}","templated":true}]}}