{"id":102,"date":"2021-03-26T14:13:43","date_gmt":"2021-03-26T13:13:43","guid":{"rendered":"http:\/\/www.buergerforum-europa.at\/?page_id=102"},"modified":"2023-11-15T21:50:40","modified_gmt":"2023-11-15T20:50:40","slug":"impressum","status":"publish","type":"page","link":"https:\/\/www.buergerforum-europa.at\/en\/impressum\/","title":{"rendered":"Impressum"},"content":{"rendered":"<p class=\"qtranxs-available-languages-message qtranxs-available-languages-message-en\">Sorry, this entry is only available in <a href=\"https:\/\/www.buergerforum-europa.at\/de\/wp-json\/wp\/v2\/pages\/102\" class=\"qtranxs-available-language-link qtranxs-available-language-link-de\" title=\"Deutsch\">Deutsch<\/a>.<\/p><p>Verein &#8220;<span class=\"underlined\">B\u00fcrgerInnen Forum Europa<\/span>&#8221;<\/p>\n<p>Rathausstra\u00dfe 11\/8<br \/>\nA-1010 Wien<\/p>\n<p><a href=\"tel:+43 1 7484500\">+43 1 7484500<\/a><br \/>\n<a href=\"mailto:office@buergerforum-europa.at\">office@buergerforum-europa.at<\/a><br \/>\n<a href=\"https:\/\/www.buergerforum-europa.at\">www.buergerforum-europa.at<\/a><br \/>\nUID: ATU66870601<br \/>\nZVR-Zahl: 054437205<br \/>\nObmann: Othmar Karas<br \/>\nObmann Stv.: Christian Kern, Ulrike Lunacek<br \/>\nFinanzreferent: Michael Ikrath<br \/>\nSchriftf\u00fchrerin: Gerda F\u00fcricht-Fiegl<br \/>\nRechnungspr\u00fcfer: Herbert B\u00f6sch, Peter Oberlechner<br \/>\nGesch\u00e4ftsf\u00fchrer: Meinhard Friedl<br \/>\nStv. Gesch\u00e4ftsf\u00fchrer: Gabriel Karas<\/p>\n<p><a href=\"https:\/\/kniff.at\"><span class=\"underlined\">Design<\/span>: KNIFF<\/a><br \/>\n<a href=\"https:\/\/floriangroh.at\"><span class=\"underlined\">Programmierung<\/span>: Florian Groh<\/a><\/p>\n<p>&nbsp;<\/p>\n<p><span class=\"underlined\">Fotos:<\/span> Heidi Pein, Christian Georgescu<\/p>","protected":false},"excerpt":{"rendered":"<p>Sorry, this entry is only available in Deutsch.Verein &#8220;B\u00fcrgerInnen Forum Europa&#8221; Rathausstra\u00dfe 11\/8 A-1010 Wien +43 1 7484500 office@buergerforum-europa.at www.buergerforum-europa.at UID: ATU66870601 ZVR-Zahl: 054437205 Obmann: Othmar Karas Obmann Stv.: Christian Kern, Ulrike Lunacek Finanzreferent: Michael Ikrath Schriftf\u00fchrerin: Gerda F\u00fcricht-Fiegl Rechnungspr\u00fcfer: Herbert B\u00f6sch, Peter Oberlechner Gesch\u00e4ftsf\u00fchrer: Meinhard Friedl Stv. Gesch\u00e4ftsf\u00fchrer: Gabriel Karas Design: KNIFF Programmierung: Florian [&hellip;]<\/p>\n","protected":false},"author":1,"featured_media":0,"parent":0,"menu_order":0,"comment_status":"closed","ping_status":"closed","template":"","meta":{"_acf_changed":false,"inline_featured_image":false,"footnotes":""},"class_list":["post-102","page","type-page","status-publish","hentry"],"acf":[],"aioseo_notices":[],"_links":{"self":[{"href":"https:\/\/www.buergerforum-europa.at\/en\/wp-json\/wp\/v2\/pages\/102","targetHints":{"allow":["GET"]}}],"collection":[{"href":"https:\/\/www.buergerforum-europa.at\/en\/wp-json\/wp\/v2\/pages"}],"about":[{"href":"https:\/\/www.buergerforum-europa.at\/en\/wp-json\/wp\/v2\/types\/page"}],"author":[{"embeddable":true,"href":"https:\/\/www.buergerforum-europa.at\/en\/wp-json\/wp\/v2\/users\/1"}],"replies":[{"embeddable":true,"href":"https:\/\/www.buergerforum-europa.at\/en\/wp-json\/wp\/v2\/comments?post=102"}],"version-history":[{"count":10,"href":"https:\/\/www.buergerforum-europa.at\/en\/wp-json\/wp\/v2\/pages\/102\/revisions"}],"predecessor-version":[{"id":1295,"href":"https:\/\/www.buergerforum-europa.at\/en\/wp-json\/wp\/v2\/pages\/102\/revisions\/1295"}],"wp:attachment":[{"href":"https:\/\/www.buergerforum-europa.at\/en\/wp-json\/wp\/v2\/media?parent=102"}],"curies":[{"name":"wp","href":"https:\/\/api.w.org\/{rel}","templated":true}]}}