{"id":1329,"date":"2024-04-02T13:01:12","date_gmt":"2024-04-02T12:01:12","guid":{"rendered":"https:\/\/www.buergerforum-europa.at\/?page_id=1329"},"modified":"2024-04-03T10:26:46","modified_gmt":"2024-04-03T09:26:46","slug":"standpunkt-europa","status":"publish","type":"page","link":"https:\/\/www.buergerforum-europa.at\/sv\/standpunkt-europa\/","title":{"rendered":"Anmeldung"},"content":{"rendered":"<p class=\"qtranxs-available-languages-message qtranxs-available-languages-message-sv\">Tyv\u00e4rr \u00e4r denna artikel enbart tillg\u00e4nglig p\u00e5 <a href=\"https:\/\/www.buergerforum-europa.at\/de\/wp-json\/wp\/v2\/pages\/1329\" class=\"qtranxs-available-language-link qtranxs-available-language-link-de\" title=\"Deutsch\">Deutsch<\/a>.<\/p><p>Hier k\u00f6nnen Sie sich f\u00fcr die STANDPUNKT.EUROPA Gespr\u00e4che anmelden.<br \/>\nSobald Ihre Anmeldung bei uns eingegangen ist, werden wir Sie per E-Mail benachrichtigen.<\/p>\n<p><style id=\"wpforms-css-vars-1332\">\n\t\t\t\t#wpforms-1332 {\n\t\t\t\t\n\t\t\t}\n\t\t\t<\/style><div class=\"wpforms-container wpforms-container-full wpforms-render-modern\" id=\"wpforms-1332\"><form id=\"wpforms-form-1332\" class=\"wpforms-validate wpforms-form wpforms-ajax-form\" data-formid=\"1332\" method=\"post\" enctype=\"multipart\/form-data\" action=\"\/sv\/wp-json\/wp\/v2\/pages\/1329\" data-token=\"d089ad5da8522676ce5f8f5c2e27f89b\" data-token-time=\"1778606322\"><noscript class=\"wpforms-error-noscript\">Aktivera JavaScript i din webbl\u00e4sare f\u00f6r att fylla i formul\u00e4ret.<\/noscript><div id=\"wpforms-error-noscript\" style=\"display: none;\">Aktivera JavaScript i din webbl\u00e4sare f\u00f6r att fylla i formul\u00e4ret.<\/div><div class=\"wpforms-field-container\"><div id=\"wpforms-1332-field_0-container\" class=\"wpforms-field wpforms-field-name\" data-field-id=\"0\"><fieldset><legend class=\"wpforms-field-label\">Vor- und Nachname <span class=\"wpforms-required-label\" aria-hidden=\"true\">*<\/span><\/legend><div class=\"wpforms-field-row wpforms-field-medium\"><div class=\"wpforms-field-row-block wpforms-first wpforms-one-half\"><input type=\"text\" id=\"wpforms-1332-field_0\" class=\"wpforms-field-name-first wpforms-field-required\" name=\"wpforms[fields][0][first]\" placeholder=\"Vorname\" aria-errormessage=\"wpforms-1332-field_0-error\" required><label for=\"wpforms-1332-field_0\" class=\"wpforms-field-sublabel after wpforms-sublabel-hide\">F\u00f6rst<\/label><\/div><div class=\"wpforms-field-row-block wpforms-one-half\"><input type=\"text\" id=\"wpforms-1332-field_0-last\" class=\"wpforms-field-name-last wpforms-field-required\" name=\"wpforms[fields][0][last]\" placeholder=\"Nachname\" aria-errormessage=\"wpforms-1332-field_0-last-error\" required><label for=\"wpforms-1332-field_0-last\" class=\"wpforms-field-sublabel after wpforms-sublabel-hide\">Sist<\/label><\/div><\/div><\/fieldset><\/div><div id=\"wpforms-1332-field_1-container\" class=\"wpforms-field wpforms-field-email\" data-field-id=\"1\"><label class=\"wpforms-field-label\" for=\"wpforms-1332-field_1\">Email <span class=\"wpforms-required-label\" aria-hidden=\"true\">*<\/span><\/label><input type=\"email\" id=\"wpforms-1332-field_1\" class=\"wpforms-field-medium wpforms-field-required\" name=\"wpforms[fields][1]\" spellcheck=\"false\" aria-errormessage=\"wpforms-1332-field_1-error\" required><\/div><div id=\"wpforms-1332-field_3-container\" class=\"wpforms-field wpforms-field-checkbox\" data-field-id=\"3\"><fieldset><legend class=\"wpforms-field-label\">Events <span class=\"wpforms-required-label\" aria-hidden=\"true\">*<\/span><\/legend><ul id=\"wpforms-1332-field_3\" class=\"wpforms-field-required\"><li class=\"choice-1 depth-1\"><input type=\"checkbox\" id=\"wpforms-1332-field_3_1\" name=\"wpforms[fields][3][]\" value=\"STANDPUNKT.EUROPA mit Reinhold Lopatka (02.05.2024)\" aria-errormessage=\"wpforms-1332-field_3_1-error\" aria-describedby=\"wpforms-1332-field_3-description\" required ><label class=\"wpforms-field-label-inline\" for=\"wpforms-1332-field_3_1\">STANDPUNKT.EUROPA mit Reinhold Lopatka (02.05.2024)<\/label><\/li><li class=\"choice-3 depth-1\"><input type=\"checkbox\" id=\"wpforms-1332-field_3_3\" name=\"wpforms[fields][3][]\" value=\"STANDPUNKT.EUROPA mit Harald Vilimsky (13.05.2024)\" aria-errormessage=\"wpforms-1332-field_3_3-error\" aria-describedby=\"wpforms-1332-field_3-description\" required ><label class=\"wpforms-field-label-inline\" for=\"wpforms-1332-field_3_3\">STANDPUNKT.EUROPA mit Harald Vilimsky (13.05.2024)<\/label><\/li><li class=\"choice-2 depth-1\"><input type=\"checkbox\" id=\"wpforms-1332-field_3_2\" name=\"wpforms[fields][3][]\" value=\"STANDPUNKT.EUROPA mit Andreas Schieder (22.05.2024)\" aria-errormessage=\"wpforms-1332-field_3_2-error\" aria-describedby=\"wpforms-1332-field_3-description\" required ><label class=\"wpforms-field-label-inline\" for=\"wpforms-1332-field_3_2\">STANDPUNKT.EUROPA mit Andreas Schieder (22.05.2024)<\/label><\/li><li class=\"choice-5 depth-1\"><input type=\"checkbox\" id=\"wpforms-1332-field_3_5\" name=\"wpforms[fields][3][]\" value=\"STANDPUNKT.EUROPA mit Helmut Brandst\u00e4tter (04.06.2024)\" aria-errormessage=\"wpforms-1332-field_3_5-error\" aria-describedby=\"wpforms-1332-field_3-description\" required ><label class=\"wpforms-field-label-inline\" for=\"wpforms-1332-field_3_5\">STANDPUNKT.EUROPA mit Helmut Brandst\u00e4tter (04.06.2024)<\/label><\/li><\/ul><div id=\"wpforms-1332-field_3-description\" class=\"wpforms-field-description\"><br>\r\nNicht mehr verf\u00fcgbar:<br>\r\nSTANDPUNKT.EUROPA mit Lena Schilling (30.04.2024 - Ausgebucht)<\/div><\/fieldset><\/div><\/div><!-- .wpforms-field-container --><div class=\"wpforms-submit-container\" ><input type=\"hidden\" name=\"wpforms[id]\" value=\"1332\"><input type=\"hidden\" name=\"page_title\" value=\"\"><input type=\"hidden\" name=\"page_url\" value=\"https:\/\/www.buergerforum-europa.at\/sv\/wp-json\/wp\/v2\/pages\/1329\"><input type=\"hidden\" name=\"url_referer\" value=\"\"><button type=\"submit\" name=\"wpforms[submit]\" id=\"wpforms-submit-1332\" class=\"wpforms-submit\" data-alt-text=\"Anmelden...\" data-submit-text=\"Anmelden\" aria-live=\"assertive\" value=\"wpforms-submit\">Anmelden<\/button><img loading=\"lazy\" decoding=\"async\" src=\"https:\/\/www.buergerforum-europa.at\/wp-content\/plugins\/wpforms-lite\/assets\/images\/submit-spin.svg\" class=\"wpforms-submit-spinner\" style=\"display: none;\" width=\"26\" height=\"26\" alt=\"Laddar\"><\/div><\/form><\/div>  <!-- .wpforms-container --><\/p>","protected":false},"excerpt":{"rendered":"<p>Tyv\u00e4rr \u00e4r denna artikel enbart tillg\u00e4nglig p\u00e5 Deutsch.Hier k\u00f6nnen Sie sich f\u00fcr die STANDPUNKT.EUROPA Gespr\u00e4che anmelden. Sobald Ihre Anmeldung bei uns eingegangen ist, werden wir Sie per E-Mail benachrichtigen.<\/p>\n","protected":false},"author":1,"featured_media":0,"parent":0,"menu_order":0,"comment_status":"closed","ping_status":"closed","template":"","meta":{"_acf_changed":false,"inline_featured_image":false,"footnotes":""},"class_list":["post-1329","page","type-page","status-publish","hentry"],"acf":[],"aioseo_notices":[],"_links":{"self":[{"href":"https:\/\/www.buergerforum-europa.at\/sv\/wp-json\/wp\/v2\/pages\/1329","targetHints":{"allow":["GET"]}}],"collection":[{"href":"https:\/\/www.buergerforum-europa.at\/sv\/wp-json\/wp\/v2\/pages"}],"about":[{"href":"https:\/\/www.buergerforum-europa.at\/sv\/wp-json\/wp\/v2\/types\/page"}],"author":[{"embeddable":true,"href":"https:\/\/www.buergerforum-europa.at\/sv\/wp-json\/wp\/v2\/users\/1"}],"replies":[{"embeddable":true,"href":"https:\/\/www.buergerforum-europa.at\/sv\/wp-json\/wp\/v2\/comments?post=1329"}],"version-history":[{"count":7,"href":"https:\/\/www.buergerforum-europa.at\/sv\/wp-json\/wp\/v2\/pages\/1329\/revisions"}],"predecessor-version":[{"id":1373,"href":"https:\/\/www.buergerforum-europa.at\/sv\/wp-json\/wp\/v2\/pages\/1329\/revisions\/1373"}],"wp:attachment":[{"href":"https:\/\/www.buergerforum-europa.at\/sv\/wp-json\/wp\/v2\/media?parent=1329"}],"curies":[{"name":"wp","href":"https:\/\/api.w.org\/{rel}","templated":true}]}}